{"id":853,"date":"2022-09-06T15:14:38","date_gmt":"2022-09-06T14:14:38","guid":{"rendered":"https:\/\/biology.st-andrews.ac.uk\/biodiversity\/?page_id=853"},"modified":"2022-09-09T14:06:23","modified_gmt":"2022-09-09T13:06:23","slug":"seminars","status":"publish","type":"page","link":"https:\/\/biology.st-andrews.ac.uk\/biodiversity\/seminars\/","title":{"rendered":"Seminars"},"content":{"rendered":"<div class=\"event-listing expanded-link-wrapper\">\r\n<div class=\"event-listing__details\">\r\n\t<a href=\"https:\/\/biology.st-andrews.ac.uk\/biodiversity\/?post_type=seminar&#038;p=1007\" class=\"event-listing__details\">\r\n    <h3 class=\"event-listing__heading\">Two kinds of emergence in animal engineering<\/h3>\r\n\t<\/a>\r\n    <\/div>\r\n    <div class=\"event-listing__subtitle\">Dr Hunter King<\/div>\r\n\t<div class=\"event-listing__subtitle\">Rutgers University<\/div>\r\n<dl class=\"metadata-list inherit--colour\">\r\n        <dt class=\"metadata-list--full\"><i class=\"far fa-calendar-alt\" aria-hidden=\"true\" title=\"Date\"><\/i><span class=\"sr-only\">Date and time<\/span><\/dt>\r\n        <dd class=\"metadata-list--full\">May 9th, 2023 1:00pm<\/dd>\r\n        <dt class=\"metadata-list--full\"><i class=\"far fa-user-circle\" aria-hidden=\"true\" title=\"Time\"><\/i><span class=\"sr-only\">Host<\/span><\/dt>\r\n        <dd class=\"metadata-list--full\">St Andrews<\/dd>\r\n        <dt class=\"metadata-list--full\"><i class=\"fas fa-map-marker-alt\" aria-hidden=\"true\" title=\"Location\"><\/i><span class=\"sr-only\">Location<\/span><\/dt>\r\n        <dd class=\"metadata-list--full\">Dyers Brae Seminar Room and Teams<\/dd>\r\n<\/dl>\r\n<\/div><div class=\"event-listing expanded-link-wrapper\">\r\n<div class=\"event-listing__details\">\r\n\t<a href=\"https:\/\/biology.st-andrews.ac.uk\/biodiversity\/?post_type=seminar&#038;p=1004\" class=\"event-listing__details\">\r\n    <h3 class=\"event-listing__heading\">Evolutionary biology of social behavior: fruit flies as a model system<\/h3>\r\n\t<\/a>\r\n    <\/div>\r\n    <div class=\"event-listing__subtitle\">Prof Reuven Dukas<\/div>\r\n\t<div class=\"event-listing__subtitle\">McMaster University<\/div>\r\n<dl class=\"metadata-list inherit--colour\">\r\n        <dt class=\"metadata-list--full\"><i class=\"far fa-calendar-alt\" aria-hidden=\"true\" title=\"Date\"><\/i><span class=\"sr-only\">Date and time<\/span><\/dt>\r\n        <dd class=\"metadata-list--full\">May 2nd, 2023 1:00pm<\/dd>\r\n        <dt class=\"metadata-list--full\"><i class=\"far fa-user-circle\" aria-hidden=\"true\" title=\"Time\"><\/i><span class=\"sr-only\">Host<\/span><\/dt>\r\n        <dd class=\"metadata-list--full\">Nathan Bailey<\/dd>\r\n        <dt class=\"metadata-list--full\"><i class=\"fas fa-map-marker-alt\" aria-hidden=\"true\" title=\"Location\"><\/i><span class=\"sr-only\">Location<\/span><\/dt>\r\n        <dd class=\"metadata-list--full\">Dyers Brae Seminar room and Teams<\/dd>\r\n<\/dl>\r\n<\/div><div class=\"event-listing expanded-link-wrapper\">\r\n<div class=\"event-listing__details\">\r\n\t<a href=\"https:\/\/biology.st-andrews.ac.uk\/biodiversity\/?post_type=seminar&#038;p=1002\" class=\"event-listing__details\">\r\n    <h3 class=\"event-listing__heading\">Biodiversity change(s):\u00a0describe and understand spatial diversity patterns through time<\/h3>\r\n\t<\/a>\r\n    <\/div>\r\n    <div class=\"event-listing__subtitle\">Dr Pierre Ga\u00fcz\u00e8re<\/div>\r\n\t<div class=\"event-listing__subtitle\">Grenoble Alpes University<\/div>\r\n<dl class=\"metadata-list inherit--colour\">\r\n        <dt class=\"metadata-list--full\"><i class=\"far fa-calendar-alt\" aria-hidden=\"true\" title=\"Date\"><\/i><span class=\"sr-only\">Date and time<\/span><\/dt>\r\n        <dd class=\"metadata-list--full\">April 25th, 2023 1:00pm<\/dd>\r\n        <dt class=\"metadata-list--full\"><i class=\"far fa-user-circle\" aria-hidden=\"true\" title=\"Time\"><\/i><span class=\"sr-only\">Host<\/span><\/dt>\r\n        <dd class=\"metadata-list--full\">St Andrews<\/dd>\r\n        <dt class=\"metadata-list--full\"><i class=\"fas fa-map-marker-alt\" aria-hidden=\"true\" title=\"Location\"><\/i><span class=\"sr-only\">Location<\/span><\/dt>\r\n        <dd class=\"metadata-list--full\">Dyers Brae Seminar Room and Teams<\/dd>\r\n<\/dl>\r\n<\/div><div class=\"event-listing expanded-link-wrapper\">\r\n<div class=\"event-listing__details\">\r\n\t<a href=\"https:\/\/biology.st-andrews.ac.uk\/biodiversity\/?post_type=seminar&#038;p=1000\" class=\"event-listing__details\">\r\n    <h3 class=\"event-listing__heading\">Environmental regulation of the neuroendocrine system in wild birds<\/h3>\r\n\t<\/a>\r\n    <\/div>\r\n    <div class=\"event-listing__subtitle\">Prof  Simone Meddle<\/div>\r\n\t<div class=\"event-listing__subtitle\">Roslin Institute, University of Edinburgh<\/div>\r\n<dl class=\"metadata-list inherit--colour\">\r\n        <dt class=\"metadata-list--full\"><i class=\"far fa-calendar-alt\" aria-hidden=\"true\" title=\"Date\"><\/i><span class=\"sr-only\">Date and time<\/span><\/dt>\r\n        <dd class=\"metadata-list--full\">April 18th, 2023 1:00pm<\/dd>\r\n        <dt class=\"metadata-list--full\"><i class=\"far fa-user-circle\" aria-hidden=\"true\" title=\"Time\"><\/i><span class=\"sr-only\">Host<\/span><\/dt>\r\n        <dd class=\"metadata-list--full\">St Andrews<\/dd>\r\n        <dt class=\"metadata-list--full\"><i class=\"fas fa-map-marker-alt\" aria-hidden=\"true\" title=\"Location\"><\/i><span class=\"sr-only\">Location<\/span><\/dt>\r\n        <dd class=\"metadata-list--full\">Dyers Brae seminar room and Teams<\/dd>\r\n<\/dl>\r\n<\/div><div class=\"event-listing expanded-link-wrapper\">\r\n<div class=\"event-listing__details\">\r\n\t<a href=\"https:\/\/biology.st-andrews.ac.uk\/biodiversity\/?post_type=seminar&#038;p=998\" class=\"event-listing__details\">\r\n    <h3 class=\"event-listing__heading\">Belgium as a pioneer. Legal and ecological trade-offs between marine environmental protection and offshore energy production<\/h3>\r\n\t<\/a>\r\n    <\/div>\r\n    <div class=\"event-listing__subtitle\">Dr  Simon Vanhove<\/div>\r\n\t<div class=\"event-listing__subtitle\">Leuven University<\/div>\r\n<dl class=\"metadata-list inherit--colour\">\r\n        <dt class=\"metadata-list--full\"><i class=\"far fa-calendar-alt\" aria-hidden=\"true\" title=\"Date\"><\/i><span class=\"sr-only\">Date and time<\/span><\/dt>\r\n        <dd class=\"metadata-list--full\">April 11th, 2023 1:00pm<\/dd>\r\n        <dt class=\"metadata-list--full\"><i class=\"far fa-user-circle\" aria-hidden=\"true\" title=\"Time\"><\/i><span class=\"sr-only\">Host<\/span><\/dt>\r\n        <dd class=\"metadata-list--full\">St Andrews<\/dd>\r\n        <dt class=\"metadata-list--full\"><i class=\"fas fa-map-marker-alt\" aria-hidden=\"true\" title=\"Location\"><\/i><span class=\"sr-only\">Location<\/span><\/dt>\r\n        <dd class=\"metadata-list--full\">Dyers Brae Seminar Roonm and Teams<\/dd>\r\n<\/dl>\r\n<\/div><div class=\"event-listing expanded-link-wrapper\">\r\n<div class=\"event-listing__details\">\r\n\t<a href=\"https:\/\/biology.st-andrews.ac.uk\/biodiversity\/?post_type=seminar&#038;p=996\" class=\"event-listing__details\">\r\n    <h3 class=\"event-listing__heading\">Behavioral differentiation during speciation in a cryptic species complex of endemic Hawaiian cricket<\/h3>\r\n\t<\/a>\r\n    <\/div>\r\n    <div class=\"event-listing__subtitle\">Prof Kerry Shaw<\/div>\r\n\t<div class=\"event-listing__subtitle\">Cornell University<\/div>\r\n<dl class=\"metadata-list inherit--colour\">\r\n        <dt class=\"metadata-list--full\"><i class=\"far fa-calendar-alt\" aria-hidden=\"true\" title=\"Date\"><\/i><span class=\"sr-only\">Date and time<\/span><\/dt>\r\n        <dd class=\"metadata-list--full\">April 4th, 2023 1:00pm<\/dd>\r\n        <dt class=\"metadata-list--full\"><i class=\"far fa-user-circle\" aria-hidden=\"true\" title=\"Time\"><\/i><span class=\"sr-only\">Host<\/span><\/dt>\r\n        <dd class=\"metadata-list--full\">Prof Mike Ritchie<\/dd>\r\n        <dt class=\"metadata-list--full\"><i class=\"fas fa-map-marker-alt\" aria-hidden=\"true\" title=\"Location\"><\/i><span class=\"sr-only\">Location<\/span><\/dt>\r\n        <dd class=\"metadata-list--full\">Dyers Brae seminar room and Teams<\/dd>\r\n<\/dl>\r\n<\/div><div class=\"event-listing expanded-link-wrapper\">\r\n<div class=\"event-listing__details\">\r\n\t<a href=\"https:\/\/biology.st-andrews.ac.uk\/biodiversity\/?post_type=seminar&#038;p=994\" class=\"event-listing__details\">\r\n    <h3 class=\"event-listing__heading\"><strong>Comparing macroevolutionary processes across disciplines<\/strong><\/h3>\r\n\t<\/a>\r\n    <\/div>\r\n    <div class=\"event-listing__subtitle\">Prof Indr\u0117 \u017dliobait\u0117<\/div>\r\n\t<div class=\"event-listing__subtitle\">University of Helsinki<\/div>\r\n<dl class=\"metadata-list inherit--colour\">\r\n        <dt class=\"metadata-list--full\"><i class=\"far fa-calendar-alt\" aria-hidden=\"true\" title=\"Date\"><\/i><span class=\"sr-only\">Date and time<\/span><\/dt>\r\n        <dd class=\"metadata-list--full\">March 14th, 2023 1:00pm<\/dd>\r\n        <dt class=\"metadata-list--full\"><i class=\"far fa-user-circle\" aria-hidden=\"true\" title=\"Time\"><\/i><span class=\"sr-only\">Host<\/span><\/dt>\r\n        <dd class=\"metadata-list--full\">St Andrews<\/dd>\r\n        <dt class=\"metadata-list--full\"><i class=\"fas fa-map-marker-alt\" aria-hidden=\"true\" title=\"Location\"><\/i><span class=\"sr-only\">Location<\/span><\/dt>\r\n        <dd class=\"metadata-list--full\">Teams Only<\/dd>\r\n<\/dl>\r\n<\/div><div class=\"event-listing expanded-link-wrapper\">\r\n<div class=\"event-listing__details\">\r\n\t<a href=\"https:\/\/biology.st-andrews.ac.uk\/biodiversity\/?post_type=seminar&#038;p=992\" class=\"event-listing__details\">\r\n    <h3 class=\"event-listing__heading\"><strong>Mobilizing herbarium specimens, botanical gardens, historical data sets and citizen science observations to investigate the biological effects of climate change on plants<\/strong><\/h3>\r\n\t<\/a>\r\n    <\/div>\r\n    <div class=\"event-listing__subtitle\">Prof Richard Primack<\/div>\r\n\t<div class=\"event-listing__subtitle\">Boston University<\/div>\r\n<dl class=\"metadata-list inherit--colour\">\r\n        <dt class=\"metadata-list--full\"><i class=\"far fa-calendar-alt\" aria-hidden=\"true\" title=\"Date\"><\/i><span class=\"sr-only\">Date and time<\/span><\/dt>\r\n        <dd class=\"metadata-list--full\">March 7th, 2023 1:00pm<\/dd>\r\n        <dt class=\"metadata-list--full\"><i class=\"far fa-user-circle\" aria-hidden=\"true\" title=\"Time\"><\/i><span class=\"sr-only\">Host<\/span><\/dt>\r\n        <dd class=\"metadata-list--full\">St Andrews<\/dd>\r\n        <dt class=\"metadata-list--full\"><i class=\"fas fa-map-marker-alt\" aria-hidden=\"true\" title=\"Location\"><\/i><span class=\"sr-only\">Location<\/span><\/dt>\r\n        <dd class=\"metadata-list--full\">Teams only<\/dd>\r\n<\/dl>\r\n<\/div><div class=\"event-listing expanded-link-wrapper\">\r\n<div class=\"event-listing__details\">\r\n\t<a href=\"https:\/\/biology.st-andrews.ac.uk\/biodiversity\/?post_type=seminar&#038;p=989\" class=\"event-listing__details\">\r\n    <h3 class=\"event-listing__heading\"><strong>The price of safety \u2013 costs and comparisons in chemical defense<\/strong><\/h3>\r\n\t<\/a>\r\n    <\/div>\r\n    <div class=\"event-listing__subtitle\">Asst. Professor Emily Burdfield-Steel<\/div>\r\n\t<div class=\"event-listing__subtitle\">University of Amsterdam<\/div>\r\n<dl class=\"metadata-list inherit--colour\">\r\n        <dt class=\"metadata-list--full\"><i class=\"far fa-calendar-alt\" aria-hidden=\"true\" title=\"Date\"><\/i><span class=\"sr-only\">Date and time<\/span><\/dt>\r\n        <dd class=\"metadata-list--full\">February 20th, 2023 1:00pm<\/dd>\r\n        <dt class=\"metadata-list--full\"><i class=\"far fa-user-circle\" aria-hidden=\"true\" title=\"Time\"><\/i><span class=\"sr-only\">Host<\/span><\/dt>\r\n        <dd class=\"metadata-list--full\">St Andrews<\/dd>\r\n        <dt class=\"metadata-list--full\"><i class=\"fas fa-map-marker-alt\" aria-hidden=\"true\" title=\"Location\"><\/i><span class=\"sr-only\">Location<\/span><\/dt>\r\n        <dd class=\"metadata-list--full\">Dyers Brae Seminar Room and Teams<\/dd>\r\n<\/dl>\r\n<\/div><div class=\"event-listing expanded-link-wrapper\">\r\n<div class=\"event-listing__details\">\r\n\t<a href=\"https:\/\/biology.st-andrews.ac.uk\/biodiversity\/?post_type=seminar&#038;p=987\" class=\"event-listing__details\">\r\n    <h3 class=\"event-listing__heading\">What is land for? Scenarios of future land use in the UK<\/h3>\r\n\t<\/a>\r\n    <\/div>\r\n    <div class=\"event-listing__subtitle\">Dr Tom Finch<\/div>\r\n\t<div class=\"event-listing__subtitle\">Royal Soceity for the Protection of Birds (RSPB)<\/div>\r\n<dl class=\"metadata-list inherit--colour\">\r\n        <dt class=\"metadata-list--full\"><i class=\"far fa-calendar-alt\" aria-hidden=\"true\" title=\"Date\"><\/i><span class=\"sr-only\">Date and time<\/span><\/dt>\r\n        <dd class=\"metadata-list--full\">February 13th, 2023 1:00pm<\/dd>\r\n        <dt class=\"metadata-list--full\"><i class=\"far fa-user-circle\" aria-hidden=\"true\" title=\"Time\"><\/i><span class=\"sr-only\">Host<\/span><\/dt>\r\n        <dd class=\"metadata-list--full\">St Andrews<\/dd>\r\n        <dt class=\"metadata-list--full\"><i class=\"fas fa-map-marker-alt\" aria-hidden=\"true\" title=\"Location\"><\/i><span class=\"sr-only\">Location<\/span><\/dt>\r\n        <dd class=\"metadata-list--full\">Dyers Brae Seminar Room and Teams<\/dd>\r\n<\/dl>\r\n<\/div><div class=\"event-listing expanded-link-wrapper\">\r\n<div class=\"event-listing__details\">\r\n\t<a href=\"https:\/\/biology.st-andrews.ac.uk\/biodiversity\/?post_type=seminar&#038;p=985\" class=\"event-listing__details\">\r\n    <h3 class=\"event-listing__heading\"><strong>Publication bias in ecology and evolutionary biology\u00a0<\/strong><\/h3>\r\n\t<\/a>\r\n    <\/div>\r\n    <div class=\"event-listing__subtitle\">Dr Alfredo S\u00e1nchez-T\u00f3jar<\/div>\r\n\t<div class=\"event-listing__subtitle\">Bielefeld University<\/div>\r\n<dl class=\"metadata-list inherit--colour\">\r\n        <dt class=\"metadata-list--full\"><i class=\"far fa-calendar-alt\" aria-hidden=\"true\" title=\"Date\"><\/i><span class=\"sr-only\">Date and time<\/span><\/dt>\r\n        <dd class=\"metadata-list--full\">February 7th, 2023 1:00pm<\/dd>\r\n        <dt class=\"metadata-list--full\"><i class=\"far fa-user-circle\" aria-hidden=\"true\" title=\"Time\"><\/i><span class=\"sr-only\">Host<\/span><\/dt>\r\n        <dd class=\"metadata-list--full\">St Andrews<\/dd>\r\n        <dt class=\"metadata-list--full\"><i class=\"fas fa-map-marker-alt\" aria-hidden=\"true\" title=\"Location\"><\/i><span class=\"sr-only\">Location<\/span><\/dt>\r\n        <dd class=\"metadata-list--full\">Teams<\/dd>\r\n<\/dl>\r\n<\/div><div class=\"event-listing expanded-link-wrapper\">\r\n<div class=\"event-listing__details\">\r\n\t<a href=\"https:\/\/biology.st-andrews.ac.uk\/biodiversity\/?post_type=seminar&#038;p=982\" class=\"event-listing__details\">\r\n    <h3 class=\"event-listing__heading\">The stability and resilience of ecological systems<\/h3>\r\n\t<\/a>\r\n    <\/div>\r\n    <div class=\"event-listing__subtitle\">Dr Sonia K\u00e9fi<\/div>\r\n\t<div class=\"event-listing__subtitle\">CNRS, Institut des Sciences de l\u2019Evolution de Montpellier<\/div>\r\n<dl class=\"metadata-list inherit--colour\">\r\n        <dt class=\"metadata-list--full\"><i class=\"far fa-calendar-alt\" aria-hidden=\"true\" title=\"Date\"><\/i><span class=\"sr-only\">Date and time<\/span><\/dt>\r\n        <dd class=\"metadata-list--full\">January 31st, 2023 1:00pm<\/dd>\r\n        <dt class=\"metadata-list--full\"><i class=\"far fa-user-circle\" aria-hidden=\"true\" title=\"Time\"><\/i><span class=\"sr-only\">Host<\/span><\/dt>\r\n        <dd class=\"metadata-list--full\">St Andrews<\/dd>\r\n        <dt class=\"metadata-list--full\"><i class=\"fas fa-map-marker-alt\" aria-hidden=\"true\" title=\"Location\"><\/i><span class=\"sr-only\">Location<\/span><\/dt>\r\n        <dd class=\"metadata-list--full\">Dyers Brae Seminar Room and Teams<\/dd>\r\n<\/dl>\r\n<\/div><div class=\"event-listing expanded-link-wrapper\">\r\n<div class=\"event-listing__details\">\r\n\t<a href=\"https:\/\/biology.st-andrews.ac.uk\/biodiversity\/?post_type=seminar&#038;p=979\" class=\"event-listing__details\">\r\n    <h3 class=\"event-listing__heading\">What can SULSA do for you? Opportunities for collaborative research funding, network building and more<\/h3>\r\n\t<\/a>\r\n    <\/div>\r\n    <div class=\"event-listing__subtitle\">Dr Alison McIntosh<\/div>\r\n\t<div class=\"event-listing__subtitle\">University of Glasgow<\/div>\r\n<dl class=\"metadata-list inherit--colour\">\r\n        <dt class=\"metadata-list--full\"><i class=\"far fa-calendar-alt\" aria-hidden=\"true\" title=\"Date\"><\/i><span class=\"sr-only\">Date and time<\/span><\/dt>\r\n        <dd class=\"metadata-list--full\">January 24th, 2023 1:00pm<\/dd>\r\n        <dt class=\"metadata-list--full\"><i class=\"far fa-user-circle\" aria-hidden=\"true\" title=\"Time\"><\/i><span class=\"sr-only\">Host<\/span><\/dt>\r\n        <dd class=\"metadata-list--full\">St Andrews<\/dd>\r\n        <dt class=\"metadata-list--full\"><i class=\"fas fa-map-marker-alt\" aria-hidden=\"true\" title=\"Location\"><\/i><span class=\"sr-only\">Location<\/span><\/dt>\r\n        <dd class=\"metadata-list--full\">Dyers Brae Seminar Room and Teams<\/dd>\r\n<\/dl>\r\n<\/div><div class=\"event-listing expanded-link-wrapper\">\r\n<div class=\"event-listing__details\">\r\n\t<a href=\"https:\/\/biology.st-andrews.ac.uk\/biodiversity\/?post_type=seminar&#038;p=977\" class=\"event-listing__details\">\r\n    <h3 class=\"event-listing__heading\"><strong>From mountain tops to sustainable crops: understanding ecological processes to address the climate and biodiversity crises<\/strong><\/h3>\r\n\t<\/a>\r\n    <\/div>\r\n    <div class=\"event-listing__subtitle\">Prof Rob Brooker<\/div>\r\n\t<div class=\"event-listing__subtitle\">James Hutton Institute<\/div>\r\n<dl class=\"metadata-list inherit--colour\">\r\n        <dt class=\"metadata-list--full\"><i class=\"far fa-calendar-alt\" aria-hidden=\"true\" title=\"Date\"><\/i><span class=\"sr-only\">Date and time<\/span><\/dt>\r\n        <dd class=\"metadata-list--full\">January 17th, 2023 1:00pm<\/dd>\r\n        <dt class=\"metadata-list--full\"><i class=\"far fa-user-circle\" aria-hidden=\"true\" title=\"Time\"><\/i><span class=\"sr-only\">Host<\/span><\/dt>\r\n        <dd class=\"metadata-list--full\">University of St Andrews<\/dd>\r\n        <dt class=\"metadata-list--full\"><i class=\"fas fa-map-marker-alt\" aria-hidden=\"true\" title=\"Location\"><\/i><span class=\"sr-only\">Location<\/span><\/dt>\r\n        <dd class=\"metadata-list--full\">Dyers Brae Seminar Room and Teams<\/dd>\r\n<\/dl>\r\n<\/div><div class=\"event-listing expanded-link-wrapper\">\r\n<div class=\"event-listing__details\">\r\n\t<a href=\"https:\/\/biology.st-andrews.ac.uk\/biodiversity\/?post_type=seminar&#038;p=971\" class=\"event-listing__details\">\r\n    <h3 class=\"event-listing__heading\"><strong>Insights into the genomic underpinnings of diversity from one of the world&#8217;s most variable vertebrates<\/strong><\/h3>\r\n\t<\/a>\r\n    <\/div>\r\n    <div class=\"event-listing__subtitle\">Dr Sarah Salisbury<\/div>\r\n\t<div class=\"event-listing__subtitle\">Roslin Institute, University of Edinburgh<\/div>\r\n<dl class=\"metadata-list inherit--colour\">\r\n        <dt class=\"metadata-list--full\"><i class=\"far fa-calendar-alt\" aria-hidden=\"true\" title=\"Date\"><\/i><span class=\"sr-only\">Date and time<\/span><\/dt>\r\n        <dd class=\"metadata-list--full\">December 13th, 2022 1:00pm<\/dd>\r\n        <dt class=\"metadata-list--full\"><i class=\"far fa-user-circle\" aria-hidden=\"true\" title=\"Time\"><\/i><span class=\"sr-only\">Host<\/span><\/dt>\r\n        <dd class=\"metadata-list--full\">University of St Andrews<\/dd>\r\n        <dt class=\"metadata-list--full\"><i class=\"fas fa-map-marker-alt\" aria-hidden=\"true\" title=\"Location\"><\/i><span class=\"sr-only\">Location<\/span><\/dt>\r\n        <dd class=\"metadata-list--full\">Dyers Brae Seminar Room and Teams<\/dd>\r\n<\/dl>\r\n<\/div>\n\n\n<p><\/p>\n","protected":false},"excerpt":{"rendered":"","protected":false},"author":57,"featured_media":861,"parent":0,"menu_order":0,"comment_status":"closed","ping_status":"closed","template":"","meta":{"_monsterinsights_skip_tracking":false,"_monsterinsights_sitenote_active":false,"_monsterinsights_sitenote_note":"","_monsterinsights_sitenote_category":0,"footnotes":""},"class_list":["post-853","page","type-page","status-publish","has-post-thumbnail","hentry"],"jetpack_sharing_enabled":true,"_links":{"self":[{"href":"https:\/\/biology.st-andrews.ac.uk\/biodiversity\/wp-json\/wp\/v2\/pages\/853","targetHints":{"allow":["GET"]}}],"collection":[{"href":"https:\/\/biology.st-andrews.ac.uk\/biodiversity\/wp-json\/wp\/v2\/pages"}],"about":[{"href":"https:\/\/biology.st-andrews.ac.uk\/biodiversity\/wp-json\/wp\/v2\/types\/page"}],"author":[{"embeddable":true,"href":"https:\/\/biology.st-andrews.ac.uk\/biodiversity\/wp-json\/wp\/v2\/users\/57"}],"replies":[{"embeddable":true,"href":"https:\/\/biology.st-andrews.ac.uk\/biodiversity\/wp-json\/wp\/v2\/comments?post=853"}],"version-history":[{"count":0,"href":"https:\/\/biology.st-andrews.ac.uk\/biodiversity\/wp-json\/wp\/v2\/pages\/853\/revisions"}],"wp:featuredmedia":[{"embeddable":true,"href":"https:\/\/biology.st-andrews.ac.uk\/biodiversity\/wp-json\/wp\/v2\/media\/861"}],"wp:attachment":[{"href":"https:\/\/biology.st-andrews.ac.uk\/biodiversity\/wp-json\/wp\/v2\/media?parent=853"}],"curies":[{"name":"wp","href":"https:\/\/api.w.org\/{rel}","templated":true}]}}