{"id":12,"date":"2022-05-04T12:15:07","date_gmt":"2022-05-04T11:15:07","guid":{"rendered":"https:\/\/biology.st-andrews.ac.uk\/kosiol-lab\/?page_id=12"},"modified":"2025-05-07T13:25:14","modified_gmt":"2025-05-07T12:25:14","slug":"people","status":"publish","type":"page","link":"https:\/\/biology.st-andrews.ac.uk\/kosiol-lab\/people\/","title":{"rendered":"People"},"content":{"rendered":"\r\n<h2 class=\"wp-block-heading\">Principal Investigator<\/h2>\r\n\r\n\r\n\r\n<p><strong>Carolin Kosiol<\/strong><\/p>\r\n\r\n\r\n\r\n<h2 class=\"wp-block-heading\"><img loading=\"lazy\" decoding=\"async\" class=\"wp-image-14 size-medium alignleft\" src=\"https:\/\/biology.st-andrews.ac.uk\/kosiol-lab\/wp-content\/uploads\/sites\/20\/2022\/05\/carolin-225x300.jpg\" alt=\"\" width=\"225\" height=\"300\" \/><\/h2>\r\n\r\n\r\n\r\n<p>&nbsp;<\/p>\r\n\r\n\r\n\r\n<p><strong>2022 &#8211; present<\/strong> <span class=\"TextRun BCX9 SCXP11269258\" data-usefontface=\"true\" data-contrast=\"none\"><span class=\"NormalTextRun BCX9 SCXP11269258\">Reader, <\/span><\/span>Centre for Biological Diversity &#8211; <em>University of St Andrews<\/em><\/p>\r\n\r\n\r\n\r\n<p><strong>2017 &#8211; 2022<\/strong> <span class=\"TextRun BCX9 SCXP11269258\" data-usefontface=\"true\" data-contrast=\"none\"><span class=\"NormalTextRun BCX9 SCXP11269258\"><em>Lecturer<\/em>, <\/span><\/span>Centre for Biological Diversity &#8211; <em>University of St Andrews<\/em><\/p>\r\n\r\n\r\n\r\n<p><strong>2009 &#8211; 2016 <\/strong><span class=\"TextRun SCXP164819043 BCX9\" data-usefontface=\"true\" data-contrast=\"none\"><span class=\"NormalTextRun SCXP164819043 BCX9\"><em>Group Leader, <\/em>Institute<span>\u00a0<\/span><\/span><\/span><span class=\"TextRun SCXP164819043 BCX9\" data-usefontface=\"true\" data-contrast=\"none\"><span class=\"SpellingError SCXP164819043 BCX9\">of<\/span><\/span><span class=\"TextRun SCXP164819043 BCX9\" data-usefontface=\"true\" data-contrast=\"none\"><span class=\"NormalTextRun SCXP164819043 BCX9\"><span>\u00a0<\/span>Population<span>\u00a0<\/span><\/span><\/span><span class=\"TextRun SCXP164819043 BCX9\" data-usefontface=\"true\" data-contrast=\"none\"><span class=\"SpellingError SCXP164819043 BCX9\">Genetics &#8211;<\/span><\/span><span class=\"EOP SCXP164819043 BCX9\">\u200b<\/span> <em>Vetmeduni Vienna<\/em><\/p>\r\n\r\n\r\n\r\n<p><strong>2006 &#8211; 2009<\/strong> <em><span class=\"TextRun BCX9 SCXP240416234\" data-usefontface=\"true\" data-contrast=\"none\"><span class=\"NormalTextRun BCX9 SCXP240416234\">Postdoc<\/span><\/span><\/em><span class=\"TextRun BCX9 SCXP240416234\" data-usefontface=\"true\" data-contrast=\"none\"><span class=\"NormalTextRun BCX9 SCXP240416234\"><span>\u00a0<\/span><\/span><\/span><span class=\"TextRun BCX9 SCXP240416234\" data-usefontface=\"true\" data-contrast=\"none\"><span class=\"SpellingError BCX9 SCXP240416234\">with<\/span><\/span><span class=\"TextRun BCX9 SCXP240416234\" data-usefontface=\"true\" data-contrast=\"none\"><span class=\"NormalTextRun BCX9 SCXP240416234\"><span>\u00a0<\/span>Adam<span>\u00a0<\/span><\/span><\/span><span class=\"TextRun BCX9 SCXP240416234\" data-usefontface=\"true\" data-contrast=\"none\"><span class=\"SpellingError BCX9 SCXP240416234\">Siepel<\/span><\/span><span class=\"TextRun BCX9 SCXP240416234\" data-usefontface=\"true\" data-contrast=\"none\"><span class=\"NormalTextRun BCX9 SCXP240416234\"><span>\u00a0<\/span><\/span><\/span><span class=\"TextRun BCX9 SCXP240416234\" data-usefontface=\"true\" data-contrast=\"none\"><span class=\"NormalTextRun BCX9 SCXP240416234\">and<\/span><\/span><span class=\"TextRun BCX9 SCXP240416234\" data-usefontface=\"true\" data-contrast=\"none\"><span class=\"NormalTextRun BCX9 SCXP240416234\"><span>\u00a0<\/span>Carlos<span>\u00a0<\/span><\/span><\/span><span class=\"TextRun BCX9 SCXP240416234\" data-usefontface=\"true\" data-contrast=\"none\"><span class=\"NormalTextRun BCX9 SCXP240416234\">Bustamante<\/span><\/span><span class=\"EOP BCX9 SCXP240416234\">\u200b &#8211; <em>Cornell University<\/em><\/span><\/p>\r\n\r\n\r\n\r\n<p><span data-usefontface=\"true\" data-contrast=\"none\"><strong>2002 &#8211; 2006<\/strong> <em>PhD<\/em> studies <\/span><span data-usefontface=\"true\" data-contrast=\"none\">with <\/span><span>\u200b<\/span><span data-usefontface=\"true\" data-contrast=\"none\">Nick Goldman &#8211; EMBL -European Bioinformatics Institute, <em>University of Cambridge<\/em><\/span><\/p>\r\n\r\n\r\n\r\n<p><span data-usefontface=\"true\" data-contrast=\"none\"><strong>2000 &#8211; 2002<\/strong> <em>MSc<\/em> High\u00a0<\/span><span data-usefontface=\"true\" data-contrast=\"none\">Performance\u00a0<\/span><span data-usefontface=\"true\" data-contrast=\"none\">Computing<\/span><span>\u200b &#8211; <em>Trinity College Dublin<\/em><br \/><\/span><\/p>\r\n\r\n\r\n\r\n<p><span class=\"TextRun BCX9 SCXP163551077\" data-usefontface=\"true\" data-contrast=\"none\"><span class=\"NormalTextRun BCX9 SCXP163551077\"><strong>1993 &#8211; 1999<\/strong><em> Undergraduate<\/em> in<span>\u00a0<\/span><\/span><\/span><span class=\"TextRun BCX9 SCXP163551077\" data-usefontface=\"true\" data-contrast=\"none\"><span class=\"NormalTextRun BCX9 SCXP163551077\">Mathematics,<span>\u00a0<\/span><\/span><\/span><span class=\"TextRun BCX9 SCXP163551077\" data-usefontface=\"true\" data-contrast=\"none\"><span class=\"NormalTextRun BCX9 SCXP163551077\">Physics and<span>\u00a0<\/span><\/span><\/span><span class=\"TextRun BCX9 SCXP163551077\" data-usefontface=\"true\" data-contrast=\"none\"><span class=\"NormalTextRun BCX9 SCXP163551077\">Philosophy &#8211; <em>University of Mainz<\/em><\/span><\/span><\/p>\r\n\r\n\r\n\r\n<p>Carolin\u2019s research focuses on the development of computational methods to investigate adaptation at different time-scales ranging from a few generations in experimental evolution data to studies of population demography to phylogenetic analysis of multiple species. Genomes sequences, both from closely related species and from individuals of the same species, are increasingly available. These large amounts of data offer a great opportunity to study speciation and the evolutionary history of populations, provided they can properly model the process of evolution within and between species simultaneously. Together with her group, Carolin has recently developed evolutionary models that bridge the gap between phylogeny and population genetics by taking polymorphism as well as species data into account. She very much enjoys working with experimentalists on genomic data sets that pose ever new challenges to models.<\/p>\r\n\r\n\r\n\r\n<p>&nbsp;<\/p>\r\n\r\n\r\n\r\n<h2 class=\"wp-block-heading\">Postdocs<\/h2>\r\n\r\n\r\n\r\n\r\n\r\n\r\n\r\n<p><strong>Antonio Pacheco<\/strong><\/p>\r\n\r\n\r\n\r\n<figure class=\"wp-block-image alignleft size-medium is-resized\"><img loading=\"lazy\" decoding=\"async\" width=\"290\" height=\"300\" class=\"wp-image-97\" style=\"width: 233px;height: auto\" src=\"https:\/\/biology.st-andrews.ac.uk\/kosiol-lab\/wp-content\/uploads\/sites\/20\/2024\/08\/20240823_162140-290x300.jpg\" alt=\"\" \/><\/figure>\r\n\r\n\r\n\r\n<p>\u00a0My name is Antonio Pacheco. I did my PhD in Genetics and Genomics with Scotland\u2019s Rural College (SRUC) at the University of Edinburgh. The focus of my project was to determine the feasibility of selecting sheep for improved resistance to infections caused by gastrointestinal parasites by assessing their health status and estimating genetic paramters. The study also included novel traits related to immune responses. I am interested in genetic and genomic selection, and I am also interested in species tree inference methodologies.<\/p>\r\n\r\n\r\n\r\n<p>&nbsp;<\/p>\r\n\r\n\r\n\r\n<p>&nbsp;<\/p>\r\n\r\n\r\n\r\n<p>&nbsp;<\/p>\r\n<p><strong>Nick Bailey<\/strong><\/p>\r\n<p><span data-olk-copy-source=\"MessageBody\"><img loading=\"lazy\" decoding=\"async\" class=\"alignleft size-medium wp-image-106\" src=\"https:\/\/biology.st-andrews.ac.uk\/kosiol-lab\/wp-content\/uploads\/sites\/20\/2025\/05\/NickBailey-225x300.jpg\" alt=\"\" width=\"225\" height=\"300\" \/>I\u2019m interested in understanding how evolution operates over different time-scales, which I\u2019ve studied using computational analyses. I\u2019m currently researching the use of artificial intelligence to detect selection in population genetic data. In previous postdoctoral work with the CNRS at the University of Lyon 1 I carried out simulations to examine the impact of polymorphism on phylogenetic inferences of selection. During my PhD at Auburn University I examined hybridisation and speciation in macaques using sequenced genomic data.<\/span><\/p>\r\n\r\n\r\n\r\n<h2 class=\"wp-block-heading\">\u00a0<\/h2>\r\n<h2>\u00a0<\/h2>\r\n<h2>\u00a0<\/h2>\r\n<h2>\u00a0<\/h2>\r\n<h2 class=\"wp-block-heading\">PhD students<\/h2>\r\n\r\n\r\n\r\n<p><strong>Manel El Ait Hadj<\/strong><\/p>\r\n\r\n\r\n\r\n<figure class=\"wp-block-image alignright size-full is-resized\"><img loading=\"lazy\" decoding=\"async\" width=\"241\" height=\"239\" class=\"wp-image-89 alignright\" style=\"width: 241px;height: auto\" src=\"https:\/\/biology.st-andrews.ac.uk\/kosiol-lab\/wp-content\/uploads\/sites\/20\/2024\/08\/Manel.jpg\" alt=\"\" \/><\/figure>\r\n\r\n\r\n\r\n<p class=\"has-text-align-left\">Hi, I am Manel. I have a background in molecular biology, genetics and genomics. I joined the Kosiol group to pursue a Ph.D in Bioinformatics and Computational biology, I am currently working on optimising methods for tree inference using Polymorphism-aware phylogenetic Model (PoMo) along with RNA-seq for trait evolution to better understand speciation.<\/p>\r\n\r\n\r\n\r\n<p>&nbsp;<\/p>\r\n\r\n\r\n\r\n<p>&nbsp;<\/p>\r\n\r\n\r\n\r\n\r\n\r\n\r\n\r\n\r\n\r\n\r\n\r\n\r\n\r\n\r\n\r\n\r\n\r\n<p>&nbsp;<\/p>\r\n\r\n\r\n\r\n<p>&nbsp;<\/p>\r\n\r\n\r\n\r\n<p><strong>Omar Ruelas<\/strong><\/p>\r\n\r\n\r\n\r\n<p>My name is Omar Ruelas, I\u2019m doing my PhD at the Centre for Biological Diversity under supervision of Carolin Kosiol. I am interested in models of traits evolution, and how they are related to the evolutionary history of the species at different temporal and spatial scales. My project is focused on incorporating polymorphic morphological traits as part of the \u00a0speciation tree inference.<\/p>\r\n\r\n\r\n\r\n<p>&nbsp;<\/p>\r\n\r\n\r\n\r\n<figure class=\"wp-block-image size-medium is-resized\"><img loading=\"lazy\" decoding=\"async\" width=\"282\" height=\"300\" class=\"wp-image-90 alignright\" style=\"width: 253px;height: auto\" src=\"https:\/\/biology.st-andrews.ac.uk\/kosiol-lab\/wp-content\/uploads\/sites\/20\/2024\/08\/hmoht38b-282x300.png\" alt=\"\" \/><\/figure>\r\n\r\n\r\n\r\n<p>&nbsp;<\/p>\r\n\r\n\r\n\r\n<p>&nbsp;<\/p>\r\n\r\n\r\n\r\n<p>&nbsp;<\/p>\r\n\r\n\r\n\r\n<p>&nbsp;<\/p>\r\n\r\n\r\n\r\n<p>&nbsp;<\/p>\r\n\r\n\r\n\r\n<p>&nbsp;<\/p>\r\n\r\n\r\n\r\n\r\n\r\n\r\n\r\n\r\n\r\n\r\n\r\n\r\n\r\n\r\n\r\n\r\n\r\n\r\n\r\n\r\n\r\n\r\n\r\n\r\n\r\n\r\n\r\n\r\n\r\n\r\n\r\n\r\n\r\n\r\n\r\n\r\n\r\n\r\n\r\n\r\n\r\n\r\n\r\n\r\n\r\n\r\n\r\n\r\n\r\n<p>&nbsp;<\/p>\r\n\r\n\r\n\r\n<h1 class=\"wp-block-heading\">Alumni<\/h1>\r\n\r\n\r\n\r\n\r\n\r\n\r\n\r\n<h2 class=\"wp-block-heading\">Postdocs<\/h2>\r\n\r\n\r\n\r\n<p><strong><a href=\"https:\/\/www.ed.ac.uk\/mrc-human-genetics-unit\/research\/ponting-group\">Svitlana Braichenko<\/a><\/strong> (now Cross-disciplinary Fellow at the University of Edinburgh)<\/p>\r\n\r\n\r\n\r\n<figure class=\"wp-block-image\"><img loading=\"lazy\" decoding=\"async\" width=\"233\" height=\"300\" class=\"wp-image-13\" src=\"https:\/\/biology.st-andrews.ac.uk\/kosiol-lab\/wp-content\/uploads\/sites\/20\/2022\/05\/Photo-233x300.jpg\" alt=\"\" \/><\/figure>\r\n\r\n\r\n\r\n<p>My name is Svitlana Braichenko. I did my PhD in Computational Biology at the University of Southampton and then worked as the Research Associate in Bioinformatics at the University of Edinburgh. I am interested in the application of Machine Learning and inference to biological processes, particularly in genetics.<\/p>\r\n\r\n\r\n\r\n\r\n\r\n\r\n\r\n\r\n\r\n<p>&nbsp;<\/p>\r\n\r\n\r\n\r\n<h3 class=\"wp-block-heading\">PhD students<\/h3>\r\n\r\n\r\n\r\n<p><a href=\"https:\/\/ist.ac.at\/de\/forschung\/vicoso-gruppe\/\" data-type=\"link\" data-id=\"https:\/\/ist.ac.at\/de\/forschung\/vicoso-gruppe\/\"><strong>Carolina Barata<\/strong> (<\/a>now postdoctoral fellow at IST Austria)<\/p>\r\n\r\n\r\n\r\n<p><strong>Lynette Mikula<\/strong><\/p>\r\n\r\n\r\n\r\n<p><a href=\"https:\/\/dschrempf.github.io\/about\/\"><strong>Dominik Schrempf<\/strong><\/a> (now a postdoc at E\u00f6tv\u00f6s Lor\u00e1nd University)<\/p>\r\n\r\n\r\n\r\n<p><strong>Agnes Jonas <\/strong>(now working for Stanley-Morgan)<strong><br \/><\/strong><\/p>\r\n\r\n\r\n\r\n<p><a href=\"https:\/\/www.ebi.ac.uk\/people\/person\/0e0c1a846bb1455631049e1b22a24c6a69348d73faa60bbe29e9576fa17265f9\/\"><strong>Nicola De Maio<\/strong><\/a> (now a researcher at EMBL-EBI, Cambridge)<strong><br \/><\/strong><\/p>\r\n\r\n\r\n\r\n<h2 class=\"wp-block-heading\">Collaborators<\/h2>\r\n\r\n\r\n\r\n<p><strong><a href=\"https:\/\/www.vetmeduni.ac.at\/en\/population-genetics\/research\/borges-lab\">Rui Borges<\/a><\/strong> &#8211; University of St Andrews<\/p>\r\n\r\n\r\n\r\n<p><a href=\"https:\/\/sites.google.com\/site\/bastienboussau\/\"><strong>Bastien Boussau<\/strong><\/a> &#8211; University of Lyon<\/p>\r\n\r\n\r\n\r\n<p><a href=\"http:\/\/ssolo.web.elte.hu\/\"><strong>Gergely Sz\u00f6ll\u0151si<\/strong><\/a> &#8211; E\u00f6tv\u00f6s University<\/p>\r\n","protected":false},"excerpt":{"rendered":"<p>Principal Investigator Carolin Kosiol &nbsp; 2022 &#8211; present Reader, Centre for Biological Diversity &#8211; University of St Andrews 2017 &#8211; 2022 Lecturer, Centre for Biological Diversity &#8211; University of St Andrews 2009 &#8211; 2016 Group Leader, Institute\u00a0of\u00a0Population\u00a0Genetics &#8211;\u200b Vetmeduni Vienna 2006 &#8211; 2009 Postdoc\u00a0with\u00a0Adam\u00a0Siepel\u00a0and\u00a0Carlos\u00a0Bustamante\u200b &#8211; Cornell University 2002 &#8211; 2006 PhD studies with \u200bNick Goldman&hellip;<\/p>\n","protected":false},"author":50,"featured_media":0,"parent":0,"menu_order":3,"comment_status":"closed","ping_status":"closed","template":"","meta":{"_monsterinsights_skip_tracking":false,"_monsterinsights_sitenote_active":false,"_monsterinsights_sitenote_note":"","_monsterinsights_sitenote_category":0,"footnotes":""},"class_list":["post-12","page","type-page","status-publish","hentry"],"_links":{"self":[{"href":"https:\/\/biology.st-andrews.ac.uk\/kosiol-lab\/wp-json\/wp\/v2\/pages\/12","targetHints":{"allow":["GET"]}}],"collection":[{"href":"https:\/\/biology.st-andrews.ac.uk\/kosiol-lab\/wp-json\/wp\/v2\/pages"}],"about":[{"href":"https:\/\/biology.st-andrews.ac.uk\/kosiol-lab\/wp-json\/wp\/v2\/types\/page"}],"author":[{"embeddable":true,"href":"https:\/\/biology.st-andrews.ac.uk\/kosiol-lab\/wp-json\/wp\/v2\/users\/50"}],"replies":[{"embeddable":true,"href":"https:\/\/biology.st-andrews.ac.uk\/kosiol-lab\/wp-json\/wp\/v2\/comments?post=12"}],"version-history":[{"count":0,"href":"https:\/\/biology.st-andrews.ac.uk\/kosiol-lab\/wp-json\/wp\/v2\/pages\/12\/revisions"}],"wp:attachment":[{"href":"https:\/\/biology.st-andrews.ac.uk\/kosiol-lab\/wp-json\/wp\/v2\/media?parent=12"}],"curies":[{"name":"wp","href":"https:\/\/api.w.org\/{rel}","templated":true}]}}